{"id":3365,"date":"2023-09-15T14:30:31","date_gmt":"2023-09-15T14:30:31","guid":{"rendered":"https:\/\/cangoknil.com\/demo2023w\/yetiskin-kitaplari\/"},"modified":"2023-11-07T07:08:12","modified_gmt":"2023-11-07T07:08:12","slug":"literature","status":"publish","type":"page","link":"https:\/\/cangoknil.com\/en\/literature\/","title":{"rendered":"LITERATURE"},"content":{"rendered":"\t\t<div data-elementor-type=\"wp-page\" data-elementor-id=\"3365\" class=\"elementor elementor-3365 elementor-3198\">\n\t\t\t\t\t\t<section class=\"elementor-section elementor-top-section elementor-element elementor-element-d38baeb elementor-section-full_width elementor-section-height-default elementor-section-height-default qodef-elementor-content-no\" data-id=\"d38baeb\" data-element_type=\"section\">\n\t\t\t\t\t\t<div class=\"elementor-container elementor-column-gap-default\">\n\t\t\t\t\t<div class=\"elementor-column elementor-col-100 elementor-top-column elementor-element elementor-element-1111768\" data-id=\"1111768\" data-element_type=\"column\">\n\t\t\t<div class=\"elementor-widget-wrap elementor-element-populated\">\n\t\t\t\t\t\t<div class=\"elementor-element elementor-element-1dbf6db elementor-widget elementor-widget-lekker_core_portfolio_list\" data-id=\"1dbf6db\" data-element_type=\"widget\" data-widget_type=\"lekker_core_portfolio_list.default\">\n\t\t\t\t<div class=\"elementor-widget-container\">\n\t\t\t<div class=\"qodef-shortcode qodef-m  qodef-portfolio-list qodef-item-layout--info-on-side  qodef-predefined-filter--no qodef-grid qodef-layout--masonry  qodef-gutter--medium qodef-col-num--3   qodef-item-layout--info-on-side qodef-pagination--on qodef-pagination-type--load-more qodef-responsive--predefined\" data-options=\"{&quot;plugin&quot;:&quot;lekker_core&quot;,&quot;module&quot;:&quot;post-types\\\/portfolio\\\/shortcodes&quot;,&quot;shortcode&quot;:&quot;portfolio-list&quot;,&quot;post_type&quot;:&quot;portfolio-item&quot;,&quot;next_page&quot;:&quot;2&quot;,&quot;max_pages_num&quot;:1,&quot;predefined_filter&quot;:&quot;no&quot;,&quot;behavior&quot;:&quot;masonry&quot;,&quot;columns&quot;:&quot;3&quot;,&quot;columns_responsive&quot;:&quot;predefined&quot;,&quot;space&quot;:&quot;medium&quot;,&quot;posts_per_page&quot;:&quot;23&quot;,&quot;orderby&quot;:&quot;date&quot;,&quot;order&quot;:&quot;ASC&quot;,&quot;additional_params&quot;:&quot;tax&quot;,&quot;tax&quot;:&quot;portfolio-category&quot;,&quot;tax_slug&quot;:&quot;edebiyat&quot;,&quot;layout&quot;:&quot;info-on-side&quot;,&quot;hover_animation_info-follow&quot;:&quot;follow&quot;,&quot;title_tag&quot;:&quot;h5&quot;,&quot;text_transform&quot;:&quot;none&quot;,&quot;pagination_type&quot;:&quot;load-more&quot;,&quot;pagination_type_load_more_top_margin&quot;:&quot;margin-top:80px&quot;,&quot;object_class_name&quot;:&quot;LekkerCorePortfolioListShortcode&quot;,&quot;taxonomy_filter&quot;:&quot;portfolio-category&quot;,&quot;additional_query_args&quot;:{&quot;tax_query&quot;:[{&quot;taxonomy&quot;:&quot;portfolio-category&quot;,&quot;field&quot;:&quot;slug&quot;,&quot;terms&quot;:&quot;edebiyat&quot;}]},&quot;space_value&quot;:20}\">\n\t\t<div class=\"qodef-grid-inner clear\">\n\t\t\t<div class=\"qodef-grid-masonry-sizer\"><\/div>\n\t<div class=\"qodef-grid-masonry-gutter\"><\/div>\n<article class=\"qodef-e qodef-grid-item  post-3490 portfolio-item type-portfolio-item status-publish has-post-thumbnail hentry portfolio-category-01-home portfolio-category-childrens-books-printed-in-turkey portfolio-category-literature\">\n\t<div class=\"qodef-e-inner\" >\n\t\t<div class=\"qodef-e-image\">\n\t\t\t\t<div class=\"qodef-e-media-image\">\n\t\t<a itemprop=\"url\" href=\"https:\/\/cangoknil.com\/en\/kitaplar\/burclar-kusagi\/\">\n\t\t\t<img fetchpriority=\"high\" decoding=\"async\" width=\"864\" height=\"900\" src=\"https:\/\/cangoknil.com\/wp-content\/uploads\/2023\/09\/burclar-kusagi.jpg\" class=\"attachment-full size-full wp-post-image\" alt=\"\" srcset=\"https:\/\/cangoknil.com\/wp-content\/uploads\/2023\/09\/burclar-kusagi.jpg 864w, https:\/\/cangoknil.com\/wp-content\/uploads\/2023\/09\/burclar-kusagi-288x300.jpg 288w, https:\/\/cangoknil.com\/wp-content\/uploads\/2023\/09\/burclar-kusagi-768x800.jpg 768w\" sizes=\"(max-width: 864px) 100vw, 864px\" \/>\t\t\t\n\t\t\t\t\t<\/a>\n\t<\/div>\n\t\t<\/div>\n\t\t<div class=\"qodef-e-content\">\n\t\t\t<div class=\"qodef-e-content-inner\">\n\t\t\t\t<h5 itemprop=\"name\" class=\"qodef-e-title entry-title\" style=\"text-transform: none\">\n<a itemprop=\"url\" class=\"qodef-e-title-link\" href=\"https:\/\/cangoknil.com\/en\/kitaplar\/burclar-kusagi\/\">\n\tBur\u00e7lar Ku\u015fa\u011f\u0131<\/a>\n<\/h5>\t\t\t\t\t<div class=\"qodef-e-info-category\">\n\t\t\t\t\t<a itemprop=\"url\" class=\"qodef-e-category\" href=\"https:\/\/cangoknil.com\/en\/kitap\/01-home\/\">\n\t\t\t\t01 Home\t\t\t<\/a>\n\t\t\t\t\t<a itemprop=\"url\" class=\"qodef-e-category\" href=\"https:\/\/cangoknil.com\/en\/kitap\/childrens-books-printed-in-turkey\/\">\n\t\t\t\tCHILDREN\u2019S BOOKS PRINTED IN TURKEY\t\t\t<\/a>\n\t\t\t\t\t<a itemprop=\"url\" class=\"qodef-e-category\" href=\"https:\/\/cangoknil.com\/en\/kitap\/literature\/\">\n\t\t\t\tLITERATURE\t\t\t<\/a>\n\t\t\t<\/div>\n\t\t\t<\/div>\n\t\t<\/div>\n\t<\/div>\n<\/article><article class=\"qodef-e qodef-grid-item  post-3456 portfolio-item type-portfolio-item status-publish has-post-thumbnail hentry portfolio-category-literature\">\n\t<div class=\"qodef-e-inner\" >\n\t\t<div class=\"qodef-e-image\">\n\t\t\t\t<div class=\"qodef-e-media-image\">\n\t\t<a itemprop=\"url\" href=\"https:\/\/cangoknil.com\/en\/kitaplar\/canli-yolculuk\/\">\n\t\t\t<img decoding=\"async\" width=\"641\" height=\"1000\" src=\"https:\/\/cangoknil.com\/wp-content\/uploads\/2023\/09\/9789750741067_front_cover1.jpg\" class=\"attachment-full size-full wp-post-image\" alt=\"\" srcset=\"https:\/\/cangoknil.com\/wp-content\/uploads\/2023\/09\/9789750741067_front_cover1.jpg 641w, https:\/\/cangoknil.com\/wp-content\/uploads\/2023\/09\/9789750741067_front_cover1-192x300.jpg 192w\" sizes=\"(max-width: 641px) 100vw, 641px\" \/>\t\t\t\n\t\t\t\t\t<\/a>\n\t<\/div>\n\t\t<\/div>\n\t\t<div class=\"qodef-e-content\">\n\t\t\t<div class=\"qodef-e-content-inner\">\n\t\t\t\t<h5 itemprop=\"name\" class=\"qodef-e-title entry-title\" style=\"text-transform: none\">\n<a itemprop=\"url\" class=\"qodef-e-title-link\" href=\"https:\/\/cangoknil.com\/en\/kitaplar\/canli-yolculuk\/\">\n\tCan\u2019l\u0131 Yolculuk<\/a>\n<\/h5>\t\t\t\t\t<div class=\"qodef-e-info-category\">\n\t\t\t\t\t<a itemprop=\"url\" class=\"qodef-e-category\" href=\"https:\/\/cangoknil.com\/en\/kitap\/literature\/\">\n\t\t\t\tLITERATURE\t\t\t<\/a>\n\t\t\t<\/div>\n\t\t\t<\/div>\n\t\t<\/div>\n\t<\/div>\n<\/article><article class=\"qodef-e qodef-grid-item  post-3454 portfolio-item type-portfolio-item status-publish has-post-thumbnail hentry portfolio-category-literature\">\n\t<div class=\"qodef-e-inner\" >\n\t\t<div class=\"qodef-e-image\">\n\t\t\t\t<div class=\"qodef-e-media-image\">\n\t\t<a itemprop=\"url\" href=\"https:\/\/cangoknil.com\/en\/kitaplar\/deniz-kokusu\/\">\n\t\t\t<img decoding=\"async\" width=\"577\" height=\"900\" src=\"https:\/\/cangoknil.com\/wp-content\/uploads\/2023\/09\/denizkokusu.jpg\" class=\"attachment-full size-full wp-post-image\" alt=\"\" srcset=\"https:\/\/cangoknil.com\/wp-content\/uploads\/2023\/09\/denizkokusu.jpg 577w, https:\/\/cangoknil.com\/wp-content\/uploads\/2023\/09\/denizkokusu-192x300.jpg 192w\" sizes=\"(max-width: 577px) 100vw, 577px\" \/>\t\t\t\n\t\t\t\t\t<\/a>\n\t<\/div>\n\t\t<\/div>\n\t\t<div class=\"qodef-e-content\">\n\t\t\t<div class=\"qodef-e-content-inner\">\n\t\t\t\t<h5 itemprop=\"name\" class=\"qodef-e-title entry-title\" style=\"text-transform: none\">\n<a itemprop=\"url\" class=\"qodef-e-title-link\" href=\"https:\/\/cangoknil.com\/en\/kitaplar\/deniz-kokusu\/\">\n\tDeniz Kokusu<\/a>\n<\/h5>\t\t\t\t\t<div class=\"qodef-e-info-category\">\n\t\t\t\t\t<a itemprop=\"url\" class=\"qodef-e-category\" href=\"https:\/\/cangoknil.com\/en\/kitap\/literature\/\">\n\t\t\t\tLITERATURE\t\t\t<\/a>\n\t\t\t<\/div>\n\t\t\t<\/div>\n\t\t<\/div>\n\t<\/div>\n<\/article><article class=\"qodef-e qodef-grid-item  post-3451 portfolio-item type-portfolio-item status-publish has-post-thumbnail hentry portfolio-category-01-home portfolio-category-literature\">\n\t<div class=\"qodef-e-inner\" >\n\t\t<div class=\"qodef-e-image\">\n\t\t\t\t<div class=\"qodef-e-media-image\">\n\t\t<a itemprop=\"url\" href=\"https:\/\/cangoknil.com\/en\/kitaplar\/goz-ve-soz-kardesligi\/\">\n\t\t\t<img loading=\"lazy\" decoding=\"async\" width=\"570\" height=\"900\" src=\"https:\/\/cangoknil.com\/wp-content\/uploads\/2023\/09\/brotherhood-of-word-_-sight-a-collection-of-14-short-stories-and-artists-artwork1.jpg\" class=\"attachment-full size-full wp-post-image\" alt=\"\" srcset=\"https:\/\/cangoknil.com\/wp-content\/uploads\/2023\/09\/brotherhood-of-word-_-sight-a-collection-of-14-short-stories-and-artists-artwork1.jpg 570w, https:\/\/cangoknil.com\/wp-content\/uploads\/2023\/09\/brotherhood-of-word-_-sight-a-collection-of-14-short-stories-and-artists-artwork1-190x300.jpg 190w\" sizes=\"(max-width: 570px) 100vw, 570px\" \/>\t\t\t\n\t\t\t\t\t<\/a>\n\t<\/div>\n\t\t<\/div>\n\t\t<div class=\"qodef-e-content\">\n\t\t\t<div class=\"qodef-e-content-inner\">\n\t\t\t\t<h5 itemprop=\"name\" class=\"qodef-e-title entry-title\" style=\"text-transform: none\">\n<a itemprop=\"url\" class=\"qodef-e-title-link\" href=\"https:\/\/cangoknil.com\/en\/kitaplar\/goz-ve-soz-kardesligi\/\">\n\tG\u00f6z ve S\u00f6z Karde\u015fli\u011fi<\/a>\n<\/h5>\t\t\t\t\t<div class=\"qodef-e-info-category\">\n\t\t\t\t\t<a itemprop=\"url\" class=\"qodef-e-category\" href=\"https:\/\/cangoknil.com\/en\/kitap\/01-home\/\">\n\t\t\t\t01 Home\t\t\t<\/a>\n\t\t\t\t\t<a itemprop=\"url\" class=\"qodef-e-category\" href=\"https:\/\/cangoknil.com\/en\/kitap\/literature\/\">\n\t\t\t\tLITERATURE\t\t\t<\/a>\n\t\t\t<\/div>\n\t\t\t<\/div>\n\t\t<\/div>\n\t<\/div>\n<\/article><article class=\"qodef-e qodef-grid-item  post-3449 portfolio-item type-portfolio-item status-publish has-post-thumbnail hentry portfolio-category-01-home portfolio-category-literature\">\n\t<div class=\"qodef-e-inner\" >\n\t\t<div class=\"qodef-e-image\">\n\t\t\t\t<div class=\"qodef-e-media-image\">\n\t\t<a itemprop=\"url\" href=\"https:\/\/cangoknil.com\/en\/kitaplar\/golgem-renkli-mi\/\">\n\t\t\t<img loading=\"lazy\" decoding=\"async\" width=\"634\" height=\"900\" src=\"https:\/\/cangoknil.com\/wp-content\/uploads\/2023\/09\/golge-renkli-mi.jpg\" class=\"attachment-full size-full wp-post-image\" alt=\"\" srcset=\"https:\/\/cangoknil.com\/wp-content\/uploads\/2023\/09\/golge-renkli-mi.jpg 634w, https:\/\/cangoknil.com\/wp-content\/uploads\/2023\/09\/golge-renkli-mi-211x300.jpg 211w\" sizes=\"(max-width: 634px) 100vw, 634px\" \/>\t\t\t\n\t\t\t\t\t<\/a>\n\t<\/div>\n\t\t<\/div>\n\t\t<div class=\"qodef-e-content\">\n\t\t\t<div class=\"qodef-e-content-inner\">\n\t\t\t\t<h5 itemprop=\"name\" class=\"qodef-e-title entry-title\" style=\"text-transform: none\">\n<a itemprop=\"url\" class=\"qodef-e-title-link\" href=\"https:\/\/cangoknil.com\/en\/kitaplar\/golgem-renkli-mi\/\">\n\tG\u00f6lgem Renkli mi?<\/a>\n<\/h5>\t\t\t\t\t<div class=\"qodef-e-info-category\">\n\t\t\t\t\t<a itemprop=\"url\" class=\"qodef-e-category\" href=\"https:\/\/cangoknil.com\/en\/kitap\/01-home\/\">\n\t\t\t\t01 Home\t\t\t<\/a>\n\t\t\t\t\t<a itemprop=\"url\" class=\"qodef-e-category\" href=\"https:\/\/cangoknil.com\/en\/kitap\/literature\/\">\n\t\t\t\tLITERATURE\t\t\t<\/a>\n\t\t\t<\/div>\n\t\t\t<\/div>\n\t\t<\/div>\n\t<\/div>\n<\/article><article class=\"qodef-e qodef-grid-item  post-3447 portfolio-item type-portfolio-item status-publish has-post-thumbnail hentry portfolio-category-literature\">\n\t<div class=\"qodef-e-inner\" >\n\t\t<div class=\"qodef-e-image\">\n\t\t\t\t<div class=\"qodef-e-media-image\">\n\t\t<a itemprop=\"url\" href=\"https:\/\/cangoknil.com\/en\/kitaplar\/die-altturkischen-mythen-in-mittelasien-und-ihr-weiterleben-in-anatolien\/\">\n\t\t\t<img loading=\"lazy\" decoding=\"async\" width=\"608\" height=\"900\" src=\"https:\/\/cangoknil.com\/wp-content\/uploads\/2023\/09\/turk-mitoslari-anadolu-efsanelerinin-izsurumu-ger.jpg\" class=\"attachment-full size-full wp-post-image\" alt=\"\" srcset=\"https:\/\/cangoknil.com\/wp-content\/uploads\/2023\/09\/turk-mitoslari-anadolu-efsanelerinin-izsurumu-ger.jpg 608w, https:\/\/cangoknil.com\/wp-content\/uploads\/2023\/09\/turk-mitoslari-anadolu-efsanelerinin-izsurumu-ger-203x300.jpg 203w\" sizes=\"(max-width: 608px) 100vw, 608px\" \/>\t\t\t\n\t\t\t\t\t<\/a>\n\t<\/div>\n\t\t<\/div>\n\t\t<div class=\"qodef-e-content\">\n\t\t\t<div class=\"qodef-e-content-inner\">\n\t\t\t\t<h5 itemprop=\"name\" class=\"qodef-e-title entry-title\" style=\"text-transform: none\">\n<a itemprop=\"url\" class=\"qodef-e-title-link\" href=\"https:\/\/cangoknil.com\/en\/kitaplar\/die-altturkischen-mythen-in-mittelasien-und-ihr-weiterleben-in-anatolien\/\">\n\tDie altt\u00fcrkischen Mythen in Mittelasien und ihr Weiterleben in Anatolien<\/a>\n<\/h5>\t\t\t\t\t<div class=\"qodef-e-info-category\">\n\t\t\t\t\t<a itemprop=\"url\" class=\"qodef-e-category\" href=\"https:\/\/cangoknil.com\/en\/kitap\/literature\/\">\n\t\t\t\tLITERATURE\t\t\t<\/a>\n\t\t\t<\/div>\n\t\t\t<\/div>\n\t\t<\/div>\n\t<\/div>\n<\/article>\t<\/div>\n\t<\/div>\t\t<\/div>\n\t\t\t\t<\/div>\n\t\t\t\t\t<\/div>\n\t\t<\/div>\n\t\t\t\t\t<\/div>\n\t\t<\/section>\n\t\t\t\t<\/div>\n\t\t","protected":false},"excerpt":{"rendered":"<p>Bur\u00e7lar Ku\u015fa\u011f\u0131 \u00c7OCUK K\u0130TAPLARI EDEB\u0130YAT Can\u2019l\u0131 Yolculuk EDEB\u0130YAT Deniz Kokusu EDEB\u0130YAT G\u00f6z ve S\u00f6z Karde\u015fli\u011fi EDEB\u0130YAT G\u00f6lgem Renkli mi? EDEB\u0130YAT Die altt\u00fcrkischen Mythen in Mittelasien und ihr Weiterleben in Anatolien EDEB\u0130YAT<\/p>\n","protected":false},"author":1,"featured_media":0,"parent":0,"menu_order":0,"comment_status":"closed","ping_status":"closed","template":"qi-blocks-full-width.php","meta":{"footnotes":""},"class_list":["post-3365","page","type-page","status-publish","hentry"],"_links":{"self":[{"href":"https:\/\/cangoknil.com\/en\/wp-json\/wp\/v2\/pages\/3365","targetHints":{"allow":["GET"]}}],"collection":[{"href":"https:\/\/cangoknil.com\/en\/wp-json\/wp\/v2\/pages"}],"about":[{"href":"https:\/\/cangoknil.com\/en\/wp-json\/wp\/v2\/types\/page"}],"author":[{"embeddable":true,"href":"https:\/\/cangoknil.com\/en\/wp-json\/wp\/v2\/users\/1"}],"replies":[{"embeddable":true,"href":"https:\/\/cangoknil.com\/en\/wp-json\/wp\/v2\/comments?post=3365"}],"version-history":[{"count":1,"href":"https:\/\/cangoknil.com\/en\/wp-json\/wp\/v2\/pages\/3365\/revisions"}],"predecessor-version":[{"id":3838,"href":"https:\/\/cangoknil.com\/en\/wp-json\/wp\/v2\/pages\/3365\/revisions\/3838"}],"wp:attachment":[{"href":"https:\/\/cangoknil.com\/en\/wp-json\/wp\/v2\/media?parent=3365"}],"curies":[{"name":"wp","href":"https:\/\/api.w.org\/{rel}","templated":true}]}}