{"id":3366,"date":"2023-09-13T08:07:54","date_gmt":"2023-09-13T08:07:54","guid":{"rendered":"https:\/\/cangoknil.com\/demo2023w\/cocuk-kitaplari\/"},"modified":"2023-11-07T07:07:41","modified_gmt":"2023-11-07T07:07:41","slug":"childrens-books","status":"publish","type":"page","link":"https:\/\/cangoknil.com\/en\/childrens-books\/","title":{"rendered":"CHILDREN\u2019S BOOKS"},"content":{"rendered":"\t\t<div data-elementor-type=\"wp-page\" data-elementor-id=\"3366\" class=\"elementor elementor-3366 elementor-3118\">\n\t\t\t\t\t\t<section class=\"elementor-section elementor-top-section elementor-element elementor-element-d38baeb elementor-section-full_width elementor-section-height-default elementor-section-height-default qodef-elementor-content-no\" data-id=\"d38baeb\" data-element_type=\"section\">\n\t\t\t\t\t\t<div class=\"elementor-container elementor-column-gap-default\">\n\t\t\t\t\t<div class=\"elementor-column elementor-col-100 elementor-top-column elementor-element elementor-element-1111768\" data-id=\"1111768\" data-element_type=\"column\">\n\t\t\t<div class=\"elementor-widget-wrap elementor-element-populated\">\n\t\t\t\t\t\t<div class=\"elementor-element elementor-element-1dbf6db elementor-widget elementor-widget-lekker_core_portfolio_list\" data-id=\"1dbf6db\" data-element_type=\"widget\" data-widget_type=\"lekker_core_portfolio_list.default\">\n\t\t\t\t<div class=\"elementor-widget-container\">\n\t\t\t<div class=\"qodef-shortcode qodef-m  qodef-portfolio-list qodef-item-layout--info-on-side  qodef-predefined-filter--no qodef-grid qodef-layout--masonry  qodef-gutter--medium qodef-col-num--3   qodef-item-layout--info-on-side qodef-pagination--on qodef-pagination-type--load-more qodef-responsive--predefined\" data-options=\"{&quot;plugin&quot;:&quot;lekker_core&quot;,&quot;module&quot;:&quot;post-types\\\/portfolio\\\/shortcodes&quot;,&quot;shortcode&quot;:&quot;portfolio-list&quot;,&quot;post_type&quot;:&quot;portfolio-item&quot;,&quot;next_page&quot;:&quot;2&quot;,&quot;max_pages_num&quot;:0,&quot;predefined_filter&quot;:&quot;no&quot;,&quot;behavior&quot;:&quot;masonry&quot;,&quot;columns&quot;:&quot;3&quot;,&quot;columns_responsive&quot;:&quot;predefined&quot;,&quot;space&quot;:&quot;medium&quot;,&quot;posts_per_page&quot;:&quot;23&quot;,&quot;orderby&quot;:&quot;date&quot;,&quot;order&quot;:&quot;ASC&quot;,&quot;additional_params&quot;:&quot;tax&quot;,&quot;tax&quot;:&quot;portfolio-category&quot;,&quot;tax_slug&quot;:&quot;cocuk-kitaplari&quot;,&quot;layout&quot;:&quot;info-on-side&quot;,&quot;hover_animation_info-follow&quot;:&quot;follow&quot;,&quot;title_tag&quot;:&quot;h5&quot;,&quot;text_transform&quot;:&quot;none&quot;,&quot;pagination_type&quot;:&quot;load-more&quot;,&quot;pagination_type_load_more_top_margin&quot;:&quot;margin-top:80px&quot;,&quot;object_class_name&quot;:&quot;LekkerCorePortfolioListShortcode&quot;,&quot;taxonomy_filter&quot;:&quot;portfolio-category&quot;,&quot;additional_query_args&quot;:{&quot;tax_query&quot;:[{&quot;taxonomy&quot;:&quot;portfolio-category&quot;,&quot;field&quot;:&quot;slug&quot;,&quot;terms&quot;:&quot;cocuk-kitaplari&quot;}]},&quot;space_value&quot;:20}\">\n\t\t<div class=\"qodef-grid-inner clear\">\n\t\t\t<div class=\"qodef-grid-masonry-sizer\"><\/div>\n\t<div class=\"qodef-grid-masonry-gutter\"><\/div>\n<p class=\"qodef-m-posts-not-found qodef-grid-item\">No posts were found for provided query parameters.<\/p>\t<\/div>\n\t<\/div>\t\t<\/div>\n\t\t\t\t<\/div>\n\t\t\t\t\t<\/div>\n\t\t<\/div>\n\t\t\t\t\t<\/div>\n\t\t<\/section>\n\t\t\t\t<\/div>\n\t\t","protected":false},"excerpt":{"rendered":"<p>Hat\u0131ralar\u0131 Saklama Sand\u0131\u011f\u0131 \u00c7OCUK K\u0130TAPLARI Ressam Masal\u0131 \u00c7OCUK K\u0130TAPLARI Bur\u00e7lar Ku\u015fa\u011f\u0131 \u00c7OCUK K\u0130TAPLARI Kom\u015fu \u00c7OCUK K\u0130TAPLARI Kimi U\u00e7ar Kimi Ko\u015far \u00c7OCUK K\u0130TAPLARI Dev Tav\u015fan \u00c7OCUK K\u0130TAPLARI Kuyruksuz \u00c7OCUK K\u0130TAPLARI Koku\u015fuk Arkada\u015f \u00c7OCUK K\u0130TAPLARI Karde\u015fim \u00c7OCUK K\u0130TAPLARI<\/p>\n","protected":false},"author":1,"featured_media":0,"parent":0,"menu_order":0,"comment_status":"closed","ping_status":"closed","template":"qi-blocks-full-width.php","meta":{"footnotes":""},"class_list":["post-3366","page","type-page","status-publish","hentry"],"_links":{"self":[{"href":"https:\/\/cangoknil.com\/en\/wp-json\/wp\/v2\/pages\/3366","targetHints":{"allow":["GET"]}}],"collection":[{"href":"https:\/\/cangoknil.com\/en\/wp-json\/wp\/v2\/pages"}],"about":[{"href":"https:\/\/cangoknil.com\/en\/wp-json\/wp\/v2\/types\/page"}],"author":[{"embeddable":true,"href":"https:\/\/cangoknil.com\/en\/wp-json\/wp\/v2\/users\/1"}],"replies":[{"embeddable":true,"href":"https:\/\/cangoknil.com\/en\/wp-json\/wp\/v2\/comments?post=3366"}],"version-history":[{"count":1,"href":"https:\/\/cangoknil.com\/en\/wp-json\/wp\/v2\/pages\/3366\/revisions"}],"predecessor-version":[{"id":3837,"href":"https:\/\/cangoknil.com\/en\/wp-json\/wp\/v2\/pages\/3366\/revisions\/3837"}],"wp:attachment":[{"href":"https:\/\/cangoknil.com\/en\/wp-json\/wp\/v2\/media?parent=3366"}],"curies":[{"name":"wp","href":"https:\/\/api.w.org\/{rel}","templated":true}]}}