{"id":3369,"date":"2023-08-08T08:42:10","date_gmt":"2023-08-08T08:42:10","guid":{"rendered":"https:\/\/cangoknil.com\/demo2023w\/kitap-sanatlari\/"},"modified":"2023-11-07T07:05:21","modified_gmt":"2023-11-07T07:05:21","slug":"book-art","status":"publish","type":"page","link":"https:\/\/cangoknil.com\/en\/book-art\/","title":{"rendered":"BOOK ART"},"content":{"rendered":"\t\t<div data-elementor-type=\"wp-page\" data-elementor-id=\"3369\" class=\"elementor elementor-3369 elementor-3010\">\n\t\t\t\t\t\t<section class=\"elementor-section elementor-top-section elementor-element elementor-element-d38baeb elementor-section-full_width elementor-section-height-default elementor-section-height-default qodef-elementor-content-no\" data-id=\"d38baeb\" data-element_type=\"section\">\n\t\t\t\t\t\t<div class=\"elementor-container elementor-column-gap-default\">\n\t\t\t\t\t<div class=\"elementor-column elementor-col-100 elementor-top-column elementor-element elementor-element-1111768\" data-id=\"1111768\" data-element_type=\"column\">\n\t\t\t<div class=\"elementor-widget-wrap elementor-element-populated\">\n\t\t\t\t\t\t<div class=\"elementor-element elementor-element-1dbf6db elementor-widget elementor-widget-lekker_core_portfolio_list\" data-id=\"1dbf6db\" data-element_type=\"widget\" data-widget_type=\"lekker_core_portfolio_list.default\">\n\t\t\t\t<div class=\"elementor-widget-container\">\n\t\t\t<div class=\"qodef-shortcode qodef-m  qodef-portfolio-list qodef-item-layout--info-on-side  qodef-predefined-filter--no qodef-grid qodef-layout--masonry  qodef-gutter--medium qodef-col-num--3   qodef-item-layout--info-on-side qodef-pagination--on qodef-pagination-type--load-more qodef-responsive--predefined\" data-options=\"{&quot;plugin&quot;:&quot;lekker_core&quot;,&quot;module&quot;:&quot;post-types\\\/portfolio\\\/shortcodes&quot;,&quot;shortcode&quot;:&quot;portfolio-list&quot;,&quot;post_type&quot;:&quot;portfolio-item&quot;,&quot;next_page&quot;:&quot;2&quot;,&quot;max_pages_num&quot;:1,&quot;predefined_filter&quot;:&quot;no&quot;,&quot;behavior&quot;:&quot;masonry&quot;,&quot;columns&quot;:&quot;3&quot;,&quot;columns_responsive&quot;:&quot;predefined&quot;,&quot;space&quot;:&quot;medium&quot;,&quot;posts_per_page&quot;:&quot;23&quot;,&quot;orderby&quot;:&quot;date&quot;,&quot;order&quot;:&quot;ASC&quot;,&quot;additional_params&quot;:&quot;tax&quot;,&quot;tax&quot;:&quot;portfolio-category&quot;,&quot;tax_slug&quot;:&quot;kitap-sanatlari&quot;,&quot;layout&quot;:&quot;info-on-side&quot;,&quot;hover_animation_info-follow&quot;:&quot;follow&quot;,&quot;title_tag&quot;:&quot;h5&quot;,&quot;pagination_type&quot;:&quot;load-more&quot;,&quot;pagination_type_load_more_top_margin&quot;:&quot;margin-top:80px&quot;,&quot;object_class_name&quot;:&quot;LekkerCorePortfolioListShortcode&quot;,&quot;taxonomy_filter&quot;:&quot;portfolio-category&quot;,&quot;additional_query_args&quot;:{&quot;tax_query&quot;:[{&quot;taxonomy&quot;:&quot;portfolio-category&quot;,&quot;field&quot;:&quot;slug&quot;,&quot;terms&quot;:&quot;kitap-sanatlari&quot;}]},&quot;space_value&quot;:20}\">\n\t\t<div class=\"qodef-grid-inner clear\">\n\t\t\t<div class=\"qodef-grid-masonry-sizer\"><\/div>\n\t<div class=\"qodef-grid-masonry-gutter\"><\/div>\n<article class=\"qodef-e qodef-grid-item  post-3515 portfolio-item type-portfolio-item status-publish has-post-thumbnail hentry portfolio-category-book-art portfolio-tag-kitap-sanatlari-en\">\n\t<div class=\"qodef-e-inner\" >\n\t\t<div class=\"qodef-e-image\">\n\t\t\t\t<div class=\"qodef-e-media-image\">\n\t\t<a itemprop=\"url\" href=\"https:\/\/cangoknil.com\/en\/kitaplar\/cloud-bird\/\">\n\t\t\t<img fetchpriority=\"high\" decoding=\"async\" width=\"1200\" height=\"900\" src=\"https:\/\/cangoknil.com\/wp-content\/uploads\/2023\/08\/kapak-kus-ve-bulut-005.jpg\" class=\"attachment-full size-full wp-post-image\" alt=\"\" srcset=\"https:\/\/cangoknil.com\/wp-content\/uploads\/2023\/08\/kapak-kus-ve-bulut-005.jpg 1200w, https:\/\/cangoknil.com\/wp-content\/uploads\/2023\/08\/kapak-kus-ve-bulut-005-300x225.jpg 300w, https:\/\/cangoknil.com\/wp-content\/uploads\/2023\/08\/kapak-kus-ve-bulut-005-1024x768.jpg 1024w, https:\/\/cangoknil.com\/wp-content\/uploads\/2023\/08\/kapak-kus-ve-bulut-005-768x576.jpg 768w\" sizes=\"(max-width: 1200px) 100vw, 1200px\" \/>\t\t\t\n\t\t\t\t\t<\/a>\n\t<\/div>\n\t\t<\/div>\n\t\t<div class=\"qodef-e-content\">\n\t\t\t<div class=\"qodef-e-content-inner\">\n\t\t\t\t<h5 itemprop=\"name\" class=\"qodef-e-title entry-title\" >\n<a itemprop=\"url\" class=\"qodef-e-title-link\" href=\"https:\/\/cangoknil.com\/en\/kitaplar\/cloud-bird\/\">\n\tCloud Bird<\/a>\n<\/h5>\t\t\t\t\t<div class=\"qodef-e-info-category\">\n\t\t\t\t\t<a itemprop=\"url\" class=\"qodef-e-category\" href=\"https:\/\/cangoknil.com\/en\/kitap\/book-art\/\">\n\t\t\t\tBOOK ART\t\t\t<\/a>\n\t\t\t<\/div>\n\t\t\t<\/div>\n\t\t<\/div>\n\t<\/div>\n<\/article><article class=\"qodef-e qodef-grid-item  post-3513 portfolio-item type-portfolio-item status-publish has-post-thumbnail hentry portfolio-category-book-art portfolio-tag-kitap-sanatlari-en\">\n\t<div class=\"qodef-e-inner\" >\n\t\t<div class=\"qodef-e-image\">\n\t\t\t\t<div class=\"qodef-e-media-image\">\n\t\t<a itemprop=\"url\" href=\"https:\/\/cangoknil.com\/en\/kitaplar\/book-worms\/\">\n\t\t\t<img decoding=\"async\" width=\"600\" height=\"587\" src=\"https:\/\/cangoknil.com\/wp-content\/uploads\/2023\/08\/bookworm1-2.jpg\" class=\"attachment-full size-full wp-post-image\" alt=\"\" srcset=\"https:\/\/cangoknil.com\/wp-content\/uploads\/2023\/08\/bookworm1-2.jpg 600w, https:\/\/cangoknil.com\/wp-content\/uploads\/2023\/08\/bookworm1-2-300x294.jpg 300w\" sizes=\"(max-width: 600px) 100vw, 600px\" \/>\t\t\t\n\t\t\t\t\t<\/a>\n\t<\/div>\n\t\t<\/div>\n\t\t<div class=\"qodef-e-content\">\n\t\t\t<div class=\"qodef-e-content-inner\">\n\t\t\t\t<h5 itemprop=\"name\" class=\"qodef-e-title entry-title\" >\n<a itemprop=\"url\" class=\"qodef-e-title-link\" href=\"https:\/\/cangoknil.com\/en\/kitaplar\/book-worms\/\">\n\tBook Worms<\/a>\n<\/h5>\t\t\t\t\t<div class=\"qodef-e-info-category\">\n\t\t\t\t\t<a itemprop=\"url\" class=\"qodef-e-category\" href=\"https:\/\/cangoknil.com\/en\/kitap\/book-art\/\">\n\t\t\t\tBOOK ART\t\t\t<\/a>\n\t\t\t<\/div>\n\t\t\t<\/div>\n\t\t<\/div>\n\t<\/div>\n<\/article><article class=\"qodef-e qodef-grid-item  post-3511 portfolio-item type-portfolio-item status-publish has-post-thumbnail hentry portfolio-category-book-art portfolio-tag-kitap-sanatlari-en\">\n\t<div class=\"qodef-e-inner\" >\n\t\t<div class=\"qodef-e-image\">\n\t\t\t\t<div class=\"qodef-e-media-image\">\n\t\t<a itemprop=\"url\" href=\"https:\/\/cangoknil.com\/en\/kitaplar\/antique-book-dealers\/\">\n\t\t\t<img decoding=\"async\" width=\"839\" height=\"900\" src=\"https:\/\/cangoknil.com\/wp-content\/uploads\/2023\/08\/dsc02589.jpg\" class=\"attachment-full size-full wp-post-image\" alt=\"\" srcset=\"https:\/\/cangoknil.com\/wp-content\/uploads\/2023\/08\/dsc02589.jpg 839w, https:\/\/cangoknil.com\/wp-content\/uploads\/2023\/08\/dsc02589-280x300.jpg 280w, https:\/\/cangoknil.com\/wp-content\/uploads\/2023\/08\/dsc02589-768x824.jpg 768w\" sizes=\"(max-width: 839px) 100vw, 839px\" \/>\t\t\t\n\t\t\t\t\t<\/a>\n\t<\/div>\n\t\t<\/div>\n\t\t<div class=\"qodef-e-content\">\n\t\t\t<div class=\"qodef-e-content-inner\">\n\t\t\t\t<h5 itemprop=\"name\" class=\"qodef-e-title entry-title\" >\n<a itemprop=\"url\" class=\"qodef-e-title-link\" href=\"https:\/\/cangoknil.com\/en\/kitaplar\/antique-book-dealers\/\">\n\tAntique Book Dealers<\/a>\n<\/h5>\t\t\t\t\t<div class=\"qodef-e-info-category\">\n\t\t\t\t\t<a itemprop=\"url\" class=\"qodef-e-category\" href=\"https:\/\/cangoknil.com\/en\/kitap\/book-art\/\">\n\t\t\t\tBOOK ART\t\t\t<\/a>\n\t\t\t<\/div>\n\t\t\t<\/div>\n\t\t<\/div>\n\t<\/div>\n<\/article><article class=\"qodef-e qodef-grid-item  post-3508 portfolio-item type-portfolio-item status-publish has-post-thumbnail hentry portfolio-category-book-art portfolio-tag-kitap-sanatlari-en\">\n\t<div class=\"qodef-e-inner\" >\n\t\t<div class=\"qodef-e-image\">\n\t\t\t\t<div class=\"qodef-e-media-image\">\n\t\t<a itemprop=\"url\" href=\"https:\/\/cangoknil.com\/en\/kitaplar\/gravur-kitaplar\/\">\n\t\t\t<img loading=\"lazy\" decoding=\"async\" width=\"567\" height=\"523\" src=\"https:\/\/cangoknil.com\/wp-content\/uploads\/2023\/08\/falname1.jpg\" class=\"attachment-full size-full wp-post-image\" alt=\"\" srcset=\"https:\/\/cangoknil.com\/wp-content\/uploads\/2023\/08\/falname1.jpg 567w, https:\/\/cangoknil.com\/wp-content\/uploads\/2023\/08\/falname1-300x277.jpg 300w\" sizes=\"(max-width: 567px) 100vw, 567px\" \/>\t\t\t\n\t\t\t\t\t<\/a>\n\t<\/div>\n\t\t<\/div>\n\t\t<div class=\"qodef-e-content\">\n\t\t\t<div class=\"qodef-e-content-inner\">\n\t\t\t\t<h5 itemprop=\"name\" class=\"qodef-e-title entry-title\" >\n<a itemprop=\"url\" class=\"qodef-e-title-link\" href=\"https:\/\/cangoknil.com\/en\/kitaplar\/gravur-kitaplar\/\">\n\tGRAV\u00dcR K\u0130TAPLAR<\/a>\n<\/h5>\t\t\t\t\t<div class=\"qodef-e-info-category\">\n\t\t\t\t\t<a itemprop=\"url\" class=\"qodef-e-category\" href=\"https:\/\/cangoknil.com\/en\/kitap\/book-art\/\">\n\t\t\t\tBOOK ART\t\t\t<\/a>\n\t\t\t<\/div>\n\t\t\t<\/div>\n\t\t<\/div>\n\t<\/div>\n<\/article><article class=\"qodef-e qodef-grid-item  post-3505 portfolio-item type-portfolio-item status-publish has-post-thumbnail hentry portfolio-category-book-art portfolio-tag-kitap-sanatlari-en\">\n\t<div class=\"qodef-e-inner\" >\n\t\t<div class=\"qodef-e-image\">\n\t\t\t\t<div class=\"qodef-e-media-image\">\n\t\t<a itemprop=\"url\" href=\"https:\/\/cangoknil.com\/en\/kitaplar\/ceramic-books\/\">\n\t\t\t<img loading=\"lazy\" decoding=\"async\" width=\"1441\" height=\"900\" src=\"https:\/\/cangoknil.com\/wp-content\/uploads\/2023\/08\/dsc03368.jpg\" class=\"attachment-full size-full wp-post-image\" alt=\"\" srcset=\"https:\/\/cangoknil.com\/wp-content\/uploads\/2023\/08\/dsc03368.jpg 1441w, https:\/\/cangoknil.com\/wp-content\/uploads\/2023\/08\/dsc03368-300x187.jpg 300w, https:\/\/cangoknil.com\/wp-content\/uploads\/2023\/08\/dsc03368-1024x640.jpg 1024w, https:\/\/cangoknil.com\/wp-content\/uploads\/2023\/08\/dsc03368-768x480.jpg 768w\" sizes=\"(max-width: 1441px) 100vw, 1441px\" \/>\t\t\t\n\t\t\t\t\t<\/a>\n\t<\/div>\n\t\t<\/div>\n\t\t<div class=\"qodef-e-content\">\n\t\t\t<div class=\"qodef-e-content-inner\">\n\t\t\t\t<h5 itemprop=\"name\" class=\"qodef-e-title entry-title\" >\n<a itemprop=\"url\" class=\"qodef-e-title-link\" href=\"https:\/\/cangoknil.com\/en\/kitaplar\/ceramic-books\/\">\n\tCeramic Books<\/a>\n<\/h5>\t\t\t\t\t<div class=\"qodef-e-info-category\">\n\t\t\t\t\t<a itemprop=\"url\" class=\"qodef-e-category\" href=\"https:\/\/cangoknil.com\/en\/kitap\/book-art\/\">\n\t\t\t\tBOOK ART\t\t\t<\/a>\n\t\t\t<\/div>\n\t\t\t<\/div>\n\t\t<\/div>\n\t<\/div>\n<\/article><article class=\"qodef-e qodef-grid-item  post-3502 portfolio-item type-portfolio-item status-publish has-post-thumbnail hentry portfolio-category-01-home portfolio-category-book-art portfolio-tag-kitap-sanatlari-en\">\n\t<div class=\"qodef-e-inner\" >\n\t\t<div class=\"qodef-e-image\">\n\t\t\t\t<div class=\"qodef-e-media-image\">\n\t\t<a itemprop=\"url\" href=\"https:\/\/cangoknil.com\/en\/kitaplar\/the-circle\/\">\n\t\t\t<img loading=\"lazy\" decoding=\"async\" width=\"1200\" height=\"900\" src=\"https:\/\/cangoknil.com\/wp-content\/uploads\/2023\/08\/dsc03004.jpg\" class=\"attachment-full size-full wp-post-image\" alt=\"\" srcset=\"https:\/\/cangoknil.com\/wp-content\/uploads\/2023\/08\/dsc03004.jpg 1200w, https:\/\/cangoknil.com\/wp-content\/uploads\/2023\/08\/dsc03004-300x225.jpg 300w, https:\/\/cangoknil.com\/wp-content\/uploads\/2023\/08\/dsc03004-1024x768.jpg 1024w, https:\/\/cangoknil.com\/wp-content\/uploads\/2023\/08\/dsc03004-768x576.jpg 768w\" sizes=\"(max-width: 1200px) 100vw, 1200px\" \/>\t\t\t\n\t\t\t\t\t<\/a>\n\t<\/div>\n\t\t<\/div>\n\t\t<div class=\"qodef-e-content\">\n\t\t\t<div class=\"qodef-e-content-inner\">\n\t\t\t\t<h5 itemprop=\"name\" class=\"qodef-e-title entry-title\" >\n<a itemprop=\"url\" class=\"qodef-e-title-link\" href=\"https:\/\/cangoknil.com\/en\/kitaplar\/the-circle\/\">\n\tThe Circle<\/a>\n<\/h5>\t\t\t\t\t<div class=\"qodef-e-info-category\">\n\t\t\t\t\t<a itemprop=\"url\" class=\"qodef-e-category\" href=\"https:\/\/cangoknil.com\/en\/kitap\/01-home\/\">\n\t\t\t\t01 Home\t\t\t<\/a>\n\t\t\t\t\t<a itemprop=\"url\" class=\"qodef-e-category\" href=\"https:\/\/cangoknil.com\/en\/kitap\/book-art\/\">\n\t\t\t\tBOOK ART\t\t\t<\/a>\n\t\t\t<\/div>\n\t\t\t<\/div>\n\t\t<\/div>\n\t<\/div>\n<\/article><article class=\"qodef-e qodef-grid-item  post-3499 portfolio-item type-portfolio-item status-publish has-post-thumbnail hentry portfolio-category-book-art portfolio-tag-kitap-sanatlari-en\">\n\t<div class=\"qodef-e-inner\" >\n\t\t<div class=\"qodef-e-image\">\n\t\t\t\t<div class=\"qodef-e-media-image\">\n\t\t<a itemprop=\"url\" href=\"https:\/\/cangoknil.com\/en\/kitaplar\/the-lost-head\/\">\n\t\t\t<img loading=\"lazy\" decoding=\"async\" width=\"1200\" height=\"900\" src=\"https:\/\/cangoknil.com\/wp-content\/uploads\/2023\/08\/kafam-003.jpg\" class=\"attachment-full size-full wp-post-image\" alt=\"\" srcset=\"https:\/\/cangoknil.com\/wp-content\/uploads\/2023\/08\/kafam-003.jpg 1200w, https:\/\/cangoknil.com\/wp-content\/uploads\/2023\/08\/kafam-003-300x225.jpg 300w, https:\/\/cangoknil.com\/wp-content\/uploads\/2023\/08\/kafam-003-1024x768.jpg 1024w, https:\/\/cangoknil.com\/wp-content\/uploads\/2023\/08\/kafam-003-768x576.jpg 768w\" sizes=\"(max-width: 1200px) 100vw, 1200px\" \/>\t\t\t\n\t\t\t\t\t<\/a>\n\t<\/div>\n\t\t<\/div>\n\t\t<div class=\"qodef-e-content\">\n\t\t\t<div class=\"qodef-e-content-inner\">\n\t\t\t\t<h5 itemprop=\"name\" class=\"qodef-e-title entry-title\" >\n<a itemprop=\"url\" class=\"qodef-e-title-link\" href=\"https:\/\/cangoknil.com\/en\/kitaplar\/the-lost-head\/\">\n\tThe Lost Head<\/a>\n<\/h5>\t\t\t\t\t<div class=\"qodef-e-info-category\">\n\t\t\t\t\t<a itemprop=\"url\" class=\"qodef-e-category\" href=\"https:\/\/cangoknil.com\/en\/kitap\/book-art\/\">\n\t\t\t\tBOOK ART\t\t\t<\/a>\n\t\t\t<\/div>\n\t\t\t<\/div>\n\t\t<\/div>\n\t<\/div>\n<\/article><article class=\"qodef-e qodef-grid-item  post-3496 portfolio-item type-portfolio-item status-publish has-post-thumbnail hentry portfolio-category-book-art portfolio-tag-kitap-sanatlari-en\">\n\t<div class=\"qodef-e-inner\" >\n\t\t<div class=\"qodef-e-image\">\n\t\t\t\t<div class=\"qodef-e-media-image\">\n\t\t<a itemprop=\"url\" href=\"https:\/\/cangoknil.com\/en\/kitaplar\/best-before\/\">\n\t\t\t<img loading=\"lazy\" decoding=\"async\" width=\"1200\" height=\"900\" src=\"https:\/\/cangoknil.com\/wp-content\/uploads\/2023\/09\/kadinin-son-kullanma-tarihi03482.jpg\" class=\"attachment-full size-full wp-post-image\" alt=\"\" srcset=\"https:\/\/cangoknil.com\/wp-content\/uploads\/2023\/09\/kadinin-son-kullanma-tarihi03482.jpg 1200w, https:\/\/cangoknil.com\/wp-content\/uploads\/2023\/09\/kadinin-son-kullanma-tarihi03482-300x225.jpg 300w, https:\/\/cangoknil.com\/wp-content\/uploads\/2023\/09\/kadinin-son-kullanma-tarihi03482-1024x768.jpg 1024w, https:\/\/cangoknil.com\/wp-content\/uploads\/2023\/09\/kadinin-son-kullanma-tarihi03482-768x576.jpg 768w\" sizes=\"(max-width: 1200px) 100vw, 1200px\" \/>\t\t\t\n\t\t\t\t\t<\/a>\n\t<\/div>\n\t\t<\/div>\n\t\t<div class=\"qodef-e-content\">\n\t\t\t<div class=\"qodef-e-content-inner\">\n\t\t\t\t<h5 itemprop=\"name\" class=\"qodef-e-title entry-title\" >\n<a itemprop=\"url\" class=\"qodef-e-title-link\" href=\"https:\/\/cangoknil.com\/en\/kitaplar\/best-before\/\">\n\tBest Before<\/a>\n<\/h5>\t\t\t\t\t<div class=\"qodef-e-info-category\">\n\t\t\t\t\t<a itemprop=\"url\" class=\"qodef-e-category\" href=\"https:\/\/cangoknil.com\/en\/kitap\/book-art\/\">\n\t\t\t\tBOOK ART\t\t\t<\/a>\n\t\t\t<\/div>\n\t\t\t<\/div>\n\t\t<\/div>\n\t<\/div>\n<\/article>\t<\/div>\n\t<\/div>\t\t<\/div>\n\t\t\t\t<\/div>\n\t\t\t\t\t<\/div>\n\t\t<\/div>\n\t\t\t\t\t<\/div>\n\t\t<\/section>\n\t\t\t\t<\/div>\n\t\t","protected":false},"excerpt":{"rendered":"<p>Cloud Bird K\u0130TAP SANATLARI Kitap Kurtlar\u0131 K\u0130TAP SANATLARI Sahaflar K\u0130TAP SANATLARI GRAV\u00dcR K\u0130TAPLAR K\u0130TAP SANATLARI SERAM\u0130K K\u0130TAPLAR K\u0130TAP SANATLARI D\u00d6NG\u00dc K\u0130TAP SANATLARI KAFAM K\u0130TAP SANATLARI<\/p>\n","protected":false},"author":1,"featured_media":0,"parent":0,"menu_order":0,"comment_status":"closed","ping_status":"closed","template":"qi-blocks-full-width.php","meta":{"footnotes":""},"class_list":["post-3369","page","type-page","status-publish","hentry"],"_links":{"self":[{"href":"https:\/\/cangoknil.com\/en\/wp-json\/wp\/v2\/pages\/3369","targetHints":{"allow":["GET"]}}],"collection":[{"href":"https:\/\/cangoknil.com\/en\/wp-json\/wp\/v2\/pages"}],"about":[{"href":"https:\/\/cangoknil.com\/en\/wp-json\/wp\/v2\/types\/page"}],"author":[{"embeddable":true,"href":"https:\/\/cangoknil.com\/en\/wp-json\/wp\/v2\/users\/1"}],"replies":[{"embeddable":true,"href":"https:\/\/cangoknil.com\/en\/wp-json\/wp\/v2\/comments?post=3369"}],"version-history":[{"count":1,"href":"https:\/\/cangoknil.com\/en\/wp-json\/wp\/v2\/pages\/3369\/revisions"}],"predecessor-version":[{"id":3833,"href":"https:\/\/cangoknil.com\/en\/wp-json\/wp\/v2\/pages\/3369\/revisions\/3833"}],"wp:attachment":[{"href":"https:\/\/cangoknil.com\/en\/wp-json\/wp\/v2\/media?parent=3369"}],"curies":[{"name":"wp","href":"https:\/\/api.w.org\/{rel}","templated":true}]}}