{"id":3381,"date":"2023-06-13T15:11:59","date_gmt":"2023-06-13T15:11:59","guid":{"rendered":"https:\/\/cangoknil.com\/demo2023w\/anasayfa\/"},"modified":"2023-11-24T09:58:29","modified_gmt":"2023-11-24T09:58:29","slug":"anasayfa","status":"publish","type":"page","link":"https:\/\/cangoknil.com\/en\/","title":{"rendered":"Home"},"content":{"rendered":"\t\t<div data-elementor-type=\"wp-page\" data-elementor-id=\"3381\" class=\"elementor elementor-3381 elementor-2\">\n\t\t\t\t\t\t<section class=\"elementor-section elementor-top-section elementor-element elementor-element-4b29f39 elementor-section-full_width elementor-section-content-top elementor-section-height-default elementor-section-height-default qodef-elementor-content-no\" data-id=\"4b29f39\" data-element_type=\"section\">\n\t\t\t\t\t\t<div class=\"elementor-container elementor-column-gap-default\">\n\t\t\t\t\t<div class=\"elementor-column elementor-col-100 elementor-top-column elementor-element elementor-element-b489a6d\" data-id=\"b489a6d\" data-element_type=\"column\">\n\t\t\t<div class=\"elementor-widget-wrap elementor-element-populated\">\n\t\t\t\t\t\t<div class=\"elementor-element elementor-element-20ca070 elementor-widget__width-initial elementor-widget elementor-widget-lekker_core_portfolio_list\" data-id=\"20ca070\" data-element_type=\"widget\" data-widget_type=\"lekker_core_portfolio_list.default\">\n\t\t\t\t<div class=\"elementor-widget-container\">\n\t\t\t<div class=\"qodef-shortcode qodef-m  qodef-portfolio-list qodef-item-layout--info-left qodef-predefined-sliders--vertical-split qodef-predefined-filter--no qodef-grid qodef-swiper-container  qodef-gutter--normal qodef-col-num--1  qodef-slider-navigation--disabled qodef-item-layout--info-left qodef--no-bottom-space qodef-pagination--off qodef-responsive--predefined\" data-options=\"{&quot;slidesPerView&quot;:&quot;1&quot;,&quot;spaceBetween&quot;:15,&quot;loop&quot;:true,&quot;autoplay&quot;:true,&quot;speed&quot;:&quot;5500&quot;,&quot;speedAnimation&quot;:&quot;800&quot;,&quot;sliderScroll&quot;:false,&quot;slideAnimation&quot;:&quot;&quot;,&quot;direction&quot;:&quot;vertical&quot;}\">\n\t<div class=\"swiper-wrapper\">\n\t\t<article class=\"qodef-e swiper-slide qodef-item--full qodef-content-grid post-3526 portfolio-item type-portfolio-item status-publish has-post-thumbnail hentry portfolio-category-01-home portfolio-category-paintings portfolio-tag-resim-en\">\n\t<div class=\"qodef-e-inner\" >\n\t\t<div class=\"qodef-e-image\">\n\t\t\t\t<div class=\"qodef-e-media-image\">\n\t\t<a itemprop=\"url\" href=\"https:\/\/cangoknil.com\/en\/kitaplar\/resimler-1972-2016\/\">\n\t\t\t<img fetchpriority=\"high\" decoding=\"async\" width=\"1781\" height=\"1800\" src=\"https:\/\/cangoknil.com\/wp-content\/uploads\/2023\/06\/2002-2.jpg\" class=\"attachment-full size-full wp-post-image\" alt=\"\" srcset=\"https:\/\/cangoknil.com\/wp-content\/uploads\/2023\/06\/2002-2.jpg 1781w, https:\/\/cangoknil.com\/wp-content\/uploads\/2023\/06\/2002-2-100x100.jpg 100w, https:\/\/cangoknil.com\/wp-content\/uploads\/2023\/06\/2002-2-600x606.jpg 600w, https:\/\/cangoknil.com\/wp-content\/uploads\/2023\/06\/2002-2-297x300.jpg 297w, https:\/\/cangoknil.com\/wp-content\/uploads\/2023\/06\/2002-2-1013x1024.jpg 1013w, https:\/\/cangoknil.com\/wp-content\/uploads\/2023\/06\/2002-2-768x776.jpg 768w, https:\/\/cangoknil.com\/wp-content\/uploads\/2023\/06\/2002-2-1520x1536.jpg 1520w\" sizes=\"(max-width: 1781px) 100vw, 1781px\" \/>\t\t\t\n\t\t\t\t\t<\/a>\n\t<\/div>\n\t\t<\/div>\n\t\t<div class=\"qodef-e-content\">\n\t\t\t<div class=\"qodef-e-content-inner\">\n\t\t\t\t\t<div class=\"qodef-e-info-category\">\n\t\t\t\t\t<a itemprop=\"url\" class=\"qodef-e-category\" href=\"https:\/\/cangoknil.com\/en\/kitap\/01-home\/\">\n\t\t\t\t01 Home\t\t\t<\/a>\n\t\t\t\t\t<a itemprop=\"url\" class=\"qodef-e-category\" href=\"https:\/\/cangoknil.com\/en\/kitap\/paintings\/\">\n\t\t\t\tPAINTINGS\t\t\t<\/a>\n\t\t\t<\/div>\n\t\t\t\t<h2 itemprop=\"name\" class=\"qodef-e-title entry-title\" >\n<a itemprop=\"url\" class=\"qodef-e-title-link\" href=\"https:\/\/cangoknil.com\/en\/kitaplar\/resimler-1972-2016\/\">\n\t1972-2016<\/a>\n<\/h2>\t\t\t\t\t<div class=\"qodef-e-read-more\">\n\t\t<a class=\"qodef-shortcode qodef-m  qodef-button qodef-layout--textual  qodef-html--link\" href=\"https:\/\/cangoknil.com\/en\/kitaplar\/resimler-1972-2016\/\" target=\"_self\"  >\t<span class=\"qodef-m-text\">Read More<\/span>\t<span class=\"qodef-m-lines\"><\/span><\/a>\t<\/div>\n\t\t\t<\/div>\n\t\t<\/div>\n\t<\/div>\n<\/article><article class=\"qodef-e swiper-slide qodef-item--full qodef-content-grid post-3522 portfolio-item type-portfolio-item status-publish has-post-thumbnail hentry portfolio-category-01-home portfolio-category-sculptures portfolio-tag-resim-en\">\n\t<div class=\"qodef-e-inner\" >\n\t\t<div class=\"qodef-e-image\">\n\t\t\t\t<div class=\"qodef-e-media-image\">\n\t\t<a itemprop=\"url\" href=\"https:\/\/cangoknil.com\/en\/kitaplar\/sculpture-and-objects\/\">\n\t\t\t<img decoding=\"async\" width=\"1080\" height=\"1080\" src=\"https:\/\/cangoknil.com\/wp-content\/uploads\/2023\/06\/HeykelObje.jpg\" class=\"attachment-full size-full wp-post-image\" alt=\"\" srcset=\"https:\/\/cangoknil.com\/wp-content\/uploads\/2023\/06\/HeykelObje.jpg 1080w, https:\/\/cangoknil.com\/wp-content\/uploads\/2023\/06\/HeykelObje-300x300.jpg 300w, https:\/\/cangoknil.com\/wp-content\/uploads\/2023\/06\/HeykelObje-1024x1024.jpg 1024w, https:\/\/cangoknil.com\/wp-content\/uploads\/2023\/06\/HeykelObje-150x150.jpg 150w, https:\/\/cangoknil.com\/wp-content\/uploads\/2023\/06\/HeykelObje-768x768.jpg 768w, https:\/\/cangoknil.com\/wp-content\/uploads\/2023\/06\/HeykelObje-650x650.jpg 650w\" sizes=\"(max-width: 1080px) 100vw, 1080px\" \/>\t\t\t\n\t\t\t\t\t<\/a>\n\t<\/div>\n\t\t<\/div>\n\t\t<div class=\"qodef-e-content\">\n\t\t\t<div class=\"qodef-e-content-inner\">\n\t\t\t\t\t<div class=\"qodef-e-info-category\">\n\t\t\t\t\t<a itemprop=\"url\" class=\"qodef-e-category\" href=\"https:\/\/cangoknil.com\/en\/kitap\/01-home\/\">\n\t\t\t\t01 Home\t\t\t<\/a>\n\t\t\t\t\t<a itemprop=\"url\" class=\"qodef-e-category\" href=\"https:\/\/cangoknil.com\/en\/kitap\/sculptures\/\">\n\t\t\t\tSCULPTURES\t\t\t<\/a>\n\t\t\t<\/div>\n\t\t\t\t<h2 itemprop=\"name\" class=\"qodef-e-title entry-title\" >\n<a itemprop=\"url\" class=\"qodef-e-title-link\" href=\"https:\/\/cangoknil.com\/en\/kitaplar\/sculpture-and-objects\/\">\n\tSCULPTURE &#038; OBJECTS<\/a>\n<\/h2>\t\t\t\t\t<div class=\"qodef-e-read-more\">\n\t\t<a class=\"qodef-shortcode qodef-m  qodef-button qodef-layout--textual  qodef-html--link\" href=\"https:\/\/cangoknil.com\/en\/kitaplar\/sculpture-and-objects\/\" target=\"_self\"  >\t<span class=\"qodef-m-text\">Read More<\/span>\t<span class=\"qodef-m-lines\"><\/span><\/a>\t<\/div>\n\t\t\t<\/div>\n\t\t<\/div>\n\t<\/div>\n<\/article><article class=\"qodef-e swiper-slide qodef-item--full qodef-content-grid post-3502 portfolio-item type-portfolio-item status-publish has-post-thumbnail hentry portfolio-category-01-home portfolio-category-book-art portfolio-tag-kitap-sanatlari-en\">\n\t<div class=\"qodef-e-inner\" >\n\t\t<div class=\"qodef-e-image\">\n\t\t\t\t<div class=\"qodef-e-media-image\">\n\t\t<a itemprop=\"url\" href=\"https:\/\/cangoknil.com\/en\/kitaplar\/the-circle\/\">\n\t\t\t<img decoding=\"async\" width=\"1200\" height=\"900\" src=\"https:\/\/cangoknil.com\/wp-content\/uploads\/2023\/08\/dsc03004.jpg\" class=\"attachment-full size-full wp-post-image\" alt=\"\" srcset=\"https:\/\/cangoknil.com\/wp-content\/uploads\/2023\/08\/dsc03004.jpg 1200w, https:\/\/cangoknil.com\/wp-content\/uploads\/2023\/08\/dsc03004-300x225.jpg 300w, https:\/\/cangoknil.com\/wp-content\/uploads\/2023\/08\/dsc03004-1024x768.jpg 1024w, https:\/\/cangoknil.com\/wp-content\/uploads\/2023\/08\/dsc03004-768x576.jpg 768w\" sizes=\"(max-width: 1200px) 100vw, 1200px\" \/>\t\t\t\n\t\t\t\t\t<\/a>\n\t<\/div>\n\t\t<\/div>\n\t\t<div class=\"qodef-e-content\">\n\t\t\t<div class=\"qodef-e-content-inner\">\n\t\t\t\t\t<div class=\"qodef-e-info-category\">\n\t\t\t\t\t<a itemprop=\"url\" class=\"qodef-e-category\" href=\"https:\/\/cangoknil.com\/en\/kitap\/01-home\/\">\n\t\t\t\t01 Home\t\t\t<\/a>\n\t\t\t\t\t<a itemprop=\"url\" class=\"qodef-e-category\" href=\"https:\/\/cangoknil.com\/en\/kitap\/book-art\/\">\n\t\t\t\tBOOK ART\t\t\t<\/a>\n\t\t\t<\/div>\n\t\t\t\t<h2 itemprop=\"name\" class=\"qodef-e-title entry-title\" >\n<a itemprop=\"url\" class=\"qodef-e-title-link\" href=\"https:\/\/cangoknil.com\/en\/kitaplar\/the-circle\/\">\n\tThe Circle<\/a>\n<\/h2>\t\t\t\t\t<div class=\"qodef-e-read-more\">\n\t\t<a class=\"qodef-shortcode qodef-m  qodef-button qodef-layout--textual  qodef-html--link\" href=\"https:\/\/cangoknil.com\/en\/kitaplar\/the-circle\/\" target=\"_self\"  >\t<span class=\"qodef-m-text\">Read More<\/span>\t<span class=\"qodef-m-lines\"><\/span><\/a>\t<\/div>\n\t\t\t<\/div>\n\t\t<\/div>\n\t<\/div>\n<\/article><article class=\"qodef-e swiper-slide qodef-item--full qodef-content-grid post-3490 portfolio-item type-portfolio-item status-publish has-post-thumbnail hentry portfolio-category-01-home portfolio-category-childrens-books-printed-in-turkey portfolio-category-literature\">\n\t<div class=\"qodef-e-inner\" >\n\t\t<div class=\"qodef-e-image\">\n\t\t\t\t<div class=\"qodef-e-media-image\">\n\t\t<a itemprop=\"url\" href=\"https:\/\/cangoknil.com\/en\/kitaplar\/burclar-kusagi\/\">\n\t\t\t<img loading=\"lazy\" decoding=\"async\" width=\"864\" height=\"900\" src=\"https:\/\/cangoknil.com\/wp-content\/uploads\/2023\/09\/burclar-kusagi.jpg\" class=\"attachment-full size-full wp-post-image\" alt=\"\" srcset=\"https:\/\/cangoknil.com\/wp-content\/uploads\/2023\/09\/burclar-kusagi.jpg 864w, https:\/\/cangoknil.com\/wp-content\/uploads\/2023\/09\/burclar-kusagi-288x300.jpg 288w, https:\/\/cangoknil.com\/wp-content\/uploads\/2023\/09\/burclar-kusagi-768x800.jpg 768w\" sizes=\"(max-width: 864px) 100vw, 864px\" \/>\t\t\t\n\t\t\t\t\t<\/a>\n\t<\/div>\n\t\t<\/div>\n\t\t<div class=\"qodef-e-content\">\n\t\t\t<div class=\"qodef-e-content-inner\">\n\t\t\t\t\t<div class=\"qodef-e-info-category\">\n\t\t\t\t\t<a itemprop=\"url\" class=\"qodef-e-category\" href=\"https:\/\/cangoknil.com\/en\/kitap\/01-home\/\">\n\t\t\t\t01 Home\t\t\t<\/a>\n\t\t\t\t\t<a itemprop=\"url\" class=\"qodef-e-category\" href=\"https:\/\/cangoknil.com\/en\/kitap\/childrens-books-printed-in-turkey\/\">\n\t\t\t\tCHILDREN\u2019S BOOKS PRINTED IN TURKEY\t\t\t<\/a>\n\t\t\t\t\t<a itemprop=\"url\" class=\"qodef-e-category\" href=\"https:\/\/cangoknil.com\/en\/kitap\/literature\/\">\n\t\t\t\tLITERATURE\t\t\t<\/a>\n\t\t\t<\/div>\n\t\t\t\t<h2 itemprop=\"name\" class=\"qodef-e-title entry-title\" >\n<a itemprop=\"url\" class=\"qodef-e-title-link\" href=\"https:\/\/cangoknil.com\/en\/kitaplar\/burclar-kusagi\/\">\n\tBur\u00e7lar Ku\u015fa\u011f\u0131<\/a>\n<\/h2>\t\t\t\t\t<div class=\"qodef-e-read-more\">\n\t\t<a class=\"qodef-shortcode qodef-m  qodef-button qodef-layout--textual  qodef-html--link\" href=\"https:\/\/cangoknil.com\/en\/kitaplar\/burclar-kusagi\/\" target=\"_self\"  >\t<span class=\"qodef-m-text\">Read More<\/span>\t<span class=\"qodef-m-lines\"><\/span><\/a>\t<\/div>\n\t\t\t<\/div>\n\t\t<\/div>\n\t<\/div>\n<\/article><article class=\"qodef-e swiper-slide qodef-item--full qodef-content-grid post-3460 portfolio-item type-portfolio-item status-publish has-post-thumbnail hentry portfolio-category-01-home portfolio-category-childrens-books-printed-in-turkey\">\n\t<div class=\"qodef-e-inner\" >\n\t\t<div class=\"qodef-e-image\">\n\t\t\t\t<div class=\"qodef-e-media-image\">\n\t\t<a itemprop=\"url\" href=\"https:\/\/cangoknil.com\/en\/kitaplar\/sevdali-bulut-masali\/\">\n\t\t\t<img loading=\"lazy\" decoding=\"async\" width=\"585\" height=\"900\" src=\"https:\/\/cangoknil.com\/wp-content\/uploads\/2023\/09\/sevdali-bulut-masali.jpg\" class=\"attachment-full size-full wp-post-image\" alt=\"\" srcset=\"https:\/\/cangoknil.com\/wp-content\/uploads\/2023\/09\/sevdali-bulut-masali.jpg 585w, https:\/\/cangoknil.com\/wp-content\/uploads\/2023\/09\/sevdali-bulut-masali-195x300.jpg 195w\" sizes=\"(max-width: 585px) 100vw, 585px\" \/>\t\t\t\n\t\t\t\t\t<\/a>\n\t<\/div>\n\t\t<\/div>\n\t\t<div class=\"qodef-e-content\">\n\t\t\t<div class=\"qodef-e-content-inner\">\n\t\t\t\t\t<div class=\"qodef-e-info-category\">\n\t\t\t\t\t<a itemprop=\"url\" class=\"qodef-e-category\" href=\"https:\/\/cangoknil.com\/en\/kitap\/01-home\/\">\n\t\t\t\t01 Home\t\t\t<\/a>\n\t\t\t\t\t<a itemprop=\"url\" class=\"qodef-e-category\" href=\"https:\/\/cangoknil.com\/en\/kitap\/childrens-books-printed-in-turkey\/\">\n\t\t\t\tCHILDREN\u2019S BOOKS PRINTED IN TURKEY\t\t\t<\/a>\n\t\t\t<\/div>\n\t\t\t\t<h2 itemprop=\"name\" class=\"qodef-e-title entry-title\" >\n<a itemprop=\"url\" class=\"qodef-e-title-link\" href=\"https:\/\/cangoknil.com\/en\/kitaplar\/sevdali-bulut-masali\/\">\n\tSevdal\u0131 Bulut Masal\u0131<\/a>\n<\/h2>\t\t\t\t\t<div class=\"qodef-e-read-more\">\n\t\t<a class=\"qodef-shortcode qodef-m  qodef-button qodef-layout--textual  qodef-html--link\" href=\"https:\/\/cangoknil.com\/en\/kitaplar\/sevdali-bulut-masali\/\" target=\"_self\"  >\t<span class=\"qodef-m-text\">Read More<\/span>\t<span class=\"qodef-m-lines\"><\/span><\/a>\t<\/div>\n\t\t\t<\/div>\n\t\t<\/div>\n\t<\/div>\n<\/article><article class=\"qodef-e swiper-slide qodef-item--full qodef-content-grid post-3458 portfolio-item type-portfolio-item status-publish has-post-thumbnail hentry portfolio-category-01-home portfolio-category-childrens-books-printed-in-turkey\">\n\t<div class=\"qodef-e-inner\" >\n\t\t<div class=\"qodef-e-image\">\n\t\t\t\t<div class=\"qodef-e-media-image\">\n\t\t<a itemprop=\"url\" href=\"https:\/\/cangoknil.com\/en\/kitaplar\/about-can-goknils-childrens-books\/\">\n\t\t\t<img loading=\"lazy\" decoding=\"async\" width=\"1600\" height=\"900\" src=\"https:\/\/cangoknil.com\/wp-content\/uploads\/2023\/09\/can-goeknil-discussing-her-books-with-1st-graders.jpg\" class=\"attachment-full size-full wp-post-image\" alt=\"\" srcset=\"https:\/\/cangoknil.com\/wp-content\/uploads\/2023\/09\/can-goeknil-discussing-her-books-with-1st-graders.jpg 1600w, https:\/\/cangoknil.com\/wp-content\/uploads\/2023\/09\/can-goeknil-discussing-her-books-with-1st-graders-300x169.jpg 300w, https:\/\/cangoknil.com\/wp-content\/uploads\/2023\/09\/can-goeknil-discussing-her-books-with-1st-graders-1024x576.jpg 1024w, https:\/\/cangoknil.com\/wp-content\/uploads\/2023\/09\/can-goeknil-discussing-her-books-with-1st-graders-768x432.jpg 768w, https:\/\/cangoknil.com\/wp-content\/uploads\/2023\/09\/can-goeknil-discussing-her-books-with-1st-graders-1536x864.jpg 1536w\" sizes=\"(max-width: 1600px) 100vw, 1600px\" \/>\t\t\t\n\t\t\t\t\t<\/a>\n\t<\/div>\n\t\t<\/div>\n\t\t<div class=\"qodef-e-content\">\n\t\t\t<div class=\"qodef-e-content-inner\">\n\t\t\t\t\t<div class=\"qodef-e-info-category\">\n\t\t\t\t\t<a itemprop=\"url\" class=\"qodef-e-category\" href=\"https:\/\/cangoknil.com\/en\/kitap\/01-home\/\">\n\t\t\t\t01 Home\t\t\t<\/a>\n\t\t\t\t\t<a itemprop=\"url\" class=\"qodef-e-category\" href=\"https:\/\/cangoknil.com\/en\/kitap\/childrens-books-printed-in-turkey\/\">\n\t\t\t\tCHILDREN\u2019S BOOKS PRINTED IN TURKEY\t\t\t<\/a>\n\t\t\t<\/div>\n\t\t\t\t<h2 itemprop=\"name\" class=\"qodef-e-title entry-title\" >\n<a itemprop=\"url\" class=\"qodef-e-title-link\" href=\"https:\/\/cangoknil.com\/en\/kitaplar\/about-can-goknils-childrens-books\/\">\n\tAbout Can G\u00f6knil\u2019s Children\u2019s Books<\/a>\n<\/h2>\t\t\t\t\t<div class=\"qodef-e-read-more\">\n\t\t<a class=\"qodef-shortcode qodef-m  qodef-button qodef-layout--textual  qodef-html--link\" href=\"https:\/\/cangoknil.com\/en\/kitaplar\/about-can-goknils-childrens-books\/\" target=\"_self\"  >\t<span class=\"qodef-m-text\">Read More<\/span>\t<span class=\"qodef-m-lines\"><\/span><\/a>\t<\/div>\n\t\t\t<\/div>\n\t\t<\/div>\n\t<\/div>\n<\/article><article class=\"qodef-e swiper-slide qodef-item--full qodef-content-grid post-3451 portfolio-item type-portfolio-item status-publish has-post-thumbnail hentry portfolio-category-01-home portfolio-category-literature\">\n\t<div class=\"qodef-e-inner\" >\n\t\t<div class=\"qodef-e-image\">\n\t\t\t\t<div class=\"qodef-e-media-image\">\n\t\t<a itemprop=\"url\" href=\"https:\/\/cangoknil.com\/en\/kitaplar\/goz-ve-soz-kardesligi\/\">\n\t\t\t<img loading=\"lazy\" decoding=\"async\" width=\"570\" height=\"900\" src=\"https:\/\/cangoknil.com\/wp-content\/uploads\/2023\/09\/brotherhood-of-word-_-sight-a-collection-of-14-short-stories-and-artists-artwork1.jpg\" class=\"attachment-full size-full wp-post-image\" alt=\"\" srcset=\"https:\/\/cangoknil.com\/wp-content\/uploads\/2023\/09\/brotherhood-of-word-_-sight-a-collection-of-14-short-stories-and-artists-artwork1.jpg 570w, https:\/\/cangoknil.com\/wp-content\/uploads\/2023\/09\/brotherhood-of-word-_-sight-a-collection-of-14-short-stories-and-artists-artwork1-190x300.jpg 190w\" sizes=\"(max-width: 570px) 100vw, 570px\" \/>\t\t\t\n\t\t\t\t\t<\/a>\n\t<\/div>\n\t\t<\/div>\n\t\t<div class=\"qodef-e-content\">\n\t\t\t<div class=\"qodef-e-content-inner\">\n\t\t\t\t\t<div class=\"qodef-e-info-category\">\n\t\t\t\t\t<a itemprop=\"url\" class=\"qodef-e-category\" href=\"https:\/\/cangoknil.com\/en\/kitap\/01-home\/\">\n\t\t\t\t01 Home\t\t\t<\/a>\n\t\t\t\t\t<a itemprop=\"url\" class=\"qodef-e-category\" href=\"https:\/\/cangoknil.com\/en\/kitap\/literature\/\">\n\t\t\t\tLITERATURE\t\t\t<\/a>\n\t\t\t<\/div>\n\t\t\t\t<h2 itemprop=\"name\" class=\"qodef-e-title entry-title\" >\n<a itemprop=\"url\" class=\"qodef-e-title-link\" href=\"https:\/\/cangoknil.com\/en\/kitaplar\/goz-ve-soz-kardesligi\/\">\n\tG\u00f6z ve S\u00f6z Karde\u015fli\u011fi<\/a>\n<\/h2>\t\t\t\t\t<div class=\"qodef-e-read-more\">\n\t\t<a class=\"qodef-shortcode qodef-m  qodef-button qodef-layout--textual  qodef-html--link\" href=\"https:\/\/cangoknil.com\/en\/kitaplar\/goz-ve-soz-kardesligi\/\" target=\"_self\"  >\t<span class=\"qodef-m-text\">Read More<\/span>\t<span class=\"qodef-m-lines\"><\/span><\/a>\t<\/div>\n\t\t\t<\/div>\n\t\t<\/div>\n\t<\/div>\n<\/article><article class=\"qodef-e swiper-slide qodef-item--full qodef-content-grid post-3449 portfolio-item type-portfolio-item status-publish has-post-thumbnail hentry portfolio-category-01-home portfolio-category-literature\">\n\t<div class=\"qodef-e-inner\" >\n\t\t<div class=\"qodef-e-image\">\n\t\t\t\t<div class=\"qodef-e-media-image\">\n\t\t<a itemprop=\"url\" href=\"https:\/\/cangoknil.com\/en\/kitaplar\/golgem-renkli-mi\/\">\n\t\t\t<img loading=\"lazy\" decoding=\"async\" width=\"634\" height=\"900\" src=\"https:\/\/cangoknil.com\/wp-content\/uploads\/2023\/09\/golge-renkli-mi.jpg\" class=\"attachment-full size-full wp-post-image\" alt=\"\" srcset=\"https:\/\/cangoknil.com\/wp-content\/uploads\/2023\/09\/golge-renkli-mi.jpg 634w, https:\/\/cangoknil.com\/wp-content\/uploads\/2023\/09\/golge-renkli-mi-211x300.jpg 211w\" sizes=\"(max-width: 634px) 100vw, 634px\" \/>\t\t\t\n\t\t\t\t\t<\/a>\n\t<\/div>\n\t\t<\/div>\n\t\t<div class=\"qodef-e-content\">\n\t\t\t<div class=\"qodef-e-content-inner\">\n\t\t\t\t\t<div class=\"qodef-e-info-category\">\n\t\t\t\t\t<a itemprop=\"url\" class=\"qodef-e-category\" href=\"https:\/\/cangoknil.com\/en\/kitap\/01-home\/\">\n\t\t\t\t01 Home\t\t\t<\/a>\n\t\t\t\t\t<a itemprop=\"url\" class=\"qodef-e-category\" href=\"https:\/\/cangoknil.com\/en\/kitap\/literature\/\">\n\t\t\t\tLITERATURE\t\t\t<\/a>\n\t\t\t<\/div>\n\t\t\t\t<h2 itemprop=\"name\" class=\"qodef-e-title entry-title\" >\n<a itemprop=\"url\" class=\"qodef-e-title-link\" href=\"https:\/\/cangoknil.com\/en\/kitaplar\/golgem-renkli-mi\/\">\n\tG\u00f6lgem Renkli mi?<\/a>\n<\/h2>\t\t\t\t\t<div class=\"qodef-e-read-more\">\n\t\t<a class=\"qodef-shortcode qodef-m  qodef-button qodef-layout--textual  qodef-html--link\" href=\"https:\/\/cangoknil.com\/en\/kitaplar\/golgem-renkli-mi\/\" target=\"_self\"  >\t<span class=\"qodef-m-text\">Read More<\/span>\t<span class=\"qodef-m-lines\"><\/span><\/a>\t<\/div>\n\t\t\t<\/div>\n\t\t<\/div>\n\t<\/div>\n<\/article>\t<\/div>\n\t\t\t\t<div class=\"swiper-pagination\"><\/div>\n\t<\/div>\t\t<\/div>\n\t\t\t\t<\/div>\n\t\t\t\t\t<\/div>\n\t\t<\/div>\n\t\t\t\t\t<\/div>\n\t\t<\/section>\n\t\t\t\t<\/div>\n\t\t","protected":false},"excerpt":{"rendered":"<p>Home PAINTINGS 1972-2016 Read More Home SCULPTURES SCULPTURE &#038; OBJECTS Read More BOOK ART Home The Circle Read More CHILDREN&#039;S BOOKS Home LITERATURE Bur\u00e7lar Ku\u015fa\u011f\u0131 Read More CHILDREN&#039;S BOOKS Home Sevdal\u0131 Bulut Masal\u0131 \u2013 Yap\u0131 Kredi Yay\u0131nlar\u0131 Read More CHILDREN&#039;S BOOKS Home About Can G\u00f6knil\u2019s Children\u2019s Books Read More Home LITERATURE G\u00f6z ve S\u00f6z Karde\u015fli\u011fi [&hellip;]<\/p>\n","protected":false},"author":1,"featured_media":0,"parent":0,"menu_order":0,"comment_status":"closed","ping_status":"open","template":"page-full-width.php","meta":{"footnotes":""},"class_list":["post-3381","page","type-page","status-publish","hentry"],"_links":{"self":[{"href":"https:\/\/cangoknil.com\/en\/wp-json\/wp\/v2\/pages\/3381","targetHints":{"allow":["GET"]}}],"collection":[{"href":"https:\/\/cangoknil.com\/en\/wp-json\/wp\/v2\/pages"}],"about":[{"href":"https:\/\/cangoknil.com\/en\/wp-json\/wp\/v2\/types\/page"}],"author":[{"embeddable":true,"href":"https:\/\/cangoknil.com\/en\/wp-json\/wp\/v2\/users\/1"}],"replies":[{"embeddable":true,"href":"https:\/\/cangoknil.com\/en\/wp-json\/wp\/v2\/comments?post=3381"}],"version-history":[{"count":13,"href":"https:\/\/cangoknil.com\/en\/wp-json\/wp\/v2\/pages\/3381\/revisions"}],"predecessor-version":[{"id":3893,"href":"https:\/\/cangoknil.com\/en\/wp-json\/wp\/v2\/pages\/3381\/revisions\/3893"}],"wp:attachment":[{"href":"https:\/\/cangoknil.com\/en\/wp-json\/wp\/v2\/media?parent=3381"}],"curies":[{"name":"wp","href":"https:\/\/api.w.org\/{rel}","templated":true}]}}